{"id":461,"date":"2012-04-12T20:46:49","date_gmt":"2012-04-12T20:46:49","guid":{"rendered":"http:\/\/www.mariacarribero.com\/?page_id=461"},"modified":"2016-04-07T09:31:02","modified_gmt":"2016-04-07T09:31:02","slug":"didactica","status":"publish","type":"page","link":"http:\/\/www.mariacarribero.com\/?page_id=461","title":{"rendered":"DID\u00c1CTICA"},"content":{"rendered":"<p style=\"text-align: center;\"><a href=\"http:\/\/prezi.com\/bxm5pfgkkl8h\/present\/?auth_key=olvf7dp&amp;follow=d5wegbuyqs3s&amp;kw=present-bxm5pfgkkl8h&amp;rc=ref-16170640\">LA T\u00c9CNICA PIONERA DEL VIDEO MAPPING COMO MEDIO PL\u00c1STICO Y HERRAMIENTA PEDAG\u00d3GICA PARA ENTENDER LA CULTURA CONTEMPOR\u00c1NEA<\/a><\/p>\n<div class=\"share-this group\"><span class=\"share\">Share &rarr;<\/span><\/p>\n<div><a href=\"http:\/\/twitter.com\/share\" class=\"twitter-share-button\" data-count=\"horizontal\">Tweet<\/a><\/div>\n<div class=\"plusone\"><g:plusone size=\"medium\" href=\"http:\/\/www.mariacarribero.com\/?page_id=461\"><\/g:plusone><\/div>\n<div class=\"facebook-like-button\"><iframe src=\"http:\/\/www.facebook.com\/plugins\/like.php?href=http%3A%2F%2Fwww.mariacarribero.com%2F%3Fpage_id%3D461&amp;layout=button_count&amp;show_faces=false&amp;width=200&amp;action=like&amp;colorscheme=light&amp;height=21\"scrolling=\"no\" frameborder=\"0\" style=\"border:none; overflow:hidden; width:200px; height:21px;\" allowTransparency=\"true\"><\/iframe><\/div>\n<\/div>\n","protected":false},"excerpt":{"rendered":"<p>LA T\u00c9CNICA PIONERA DEL VIDEO MAPPING COMO MEDIO PL\u00c1STICO Y HERRAMIENTA PEDAG\u00d3GICA PARA ENTENDER LA CULTURA CONTEMPOR\u00c1NEA Share &rarr; Tweet<\/p>\n","protected":false},"author":1,"featured_media":0,"parent":0,"menu_order":0,"comment_status":"open","ping_status":"open","template":"template-full-width.php","meta":{"footnotes":""},"class_list":["post-461","page","type-page","status-publish","hentry"],"_links":{"self":[{"href":"http:\/\/www.mariacarribero.com\/index.php?rest_route=\/wp\/v2\/pages\/461","targetHints":{"allow":["GET"]}}],"collection":[{"href":"http:\/\/www.mariacarribero.com\/index.php?rest_route=\/wp\/v2\/pages"}],"about":[{"href":"http:\/\/www.mariacarribero.com\/index.php?rest_route=\/wp\/v2\/types\/page"}],"author":[{"embeddable":true,"href":"http:\/\/www.mariacarribero.com\/index.php?rest_route=\/wp\/v2\/users\/1"}],"replies":[{"embeddable":true,"href":"http:\/\/www.mariacarribero.com\/index.php?rest_route=%2Fwp%2Fv2%2Fcomments&post=461"}],"version-history":[{"count":4,"href":"http:\/\/www.mariacarribero.com\/index.php?rest_route=\/wp\/v2\/pages\/461\/revisions"}],"predecessor-version":[{"id":767,"href":"http:\/\/www.mariacarribero.com\/index.php?rest_route=\/wp\/v2\/pages\/461\/revisions\/767"}],"wp:attachment":[{"href":"http:\/\/www.mariacarribero.com\/index.php?rest_route=%2Fwp%2Fv2%2Fmedia&parent=461"}],"curies":[{"name":"wp","href":"https:\/\/api.w.org\/{rel}","templated":true}]}}